{"id":60,"date":"2025-10-02T09:13:25","date_gmt":"2025-10-02T09:13:25","guid":{"rendered":"https:\/\/imaginesoluciones.com\/?post_type=product&#038;p=60"},"modified":"2025-10-02T09:18:28","modified_gmt":"2025-10-02T09:18:28","slug":"inspire-retail-lineal-imaginecreativo","status":"publish","type":"product","link":"https:\/\/imaginesoluciones.com\/?product=inspire-retail-lineal-imaginecreativo","title":{"rendered":"Inspire &#8211; Retail &#8211; Lineal &#8211; ImagineCreativo"},"content":{"rendered":"<p>Inspire &#8211; Retail &#8211; Lineal &#8211; ImagineCreativo<img decoding=\"async\" role=\"img\" class=\"emoji\" src=\"https:\/\/s.w.org\/images\/core\/emoji\/16.0.1\/svg\/1f534.svg\" alt=\"\ud83d\udd34\">\u00a1Adquiere esta impresionante obra de arte digital creada por el talentoso dise\u00f1ador gr\u00e1fico Sergio Sediles! Este dibujo presenta Inspire &#8211; Retail &#8211; Lineal &#8211; ImagineCreativo donde la geometr\u00eda realza los estudios del retail y su ergonom\u00eda de tr\u00e1fico y disposici\u00f3n de los elementos en el punto de venta.<\/p>\n","protected":false},"excerpt":{"rendered":"<p>IMAGINECREATIVO By Inspire &#8211; Retail &#8211; Lineal &#8211; ImagineCreativo <img decoding=\"async\" role=\"img\" class=\"emoji\" src=\"https:\/\/s.w.org\/images\/core\/emoji\/16.0.1\/svg\/1f534.svg\" alt=\"\ud83d\udd34\">ref20240221. Digital art. <\/p>\n","protected":false},"featured_media":61,"comment_status":"open","ping_status":"closed","template":"","meta":[],"product_cat":[15],"product_tag":[],"class_list":{"0":"post-60","1":"product","2":"type-product","3":"status-publish","4":"has-post-thumbnail","6":"product_cat-arte-digital","8":"first","9":"instock","10":"sale","11":"downloadable","12":"taxable","13":"shipping-taxable","14":"purchasable","15":"product-type-simple"},"jetpack_sharing_enabled":true,"_links":{"self":[{"href":"https:\/\/imaginesoluciones.com\/index.php?rest_route=\/wp\/v2\/product\/60","targetHints":{"allow":["GET"]}}],"collection":[{"href":"https:\/\/imaginesoluciones.com\/index.php?rest_route=\/wp\/v2\/product"}],"about":[{"href":"https:\/\/imaginesoluciones.com\/index.php?rest_route=\/wp\/v2\/types\/product"}],"replies":[{"embeddable":true,"href":"https:\/\/imaginesoluciones.com\/index.php?rest_route=%2Fwp%2Fv2%2Fcomments&post=60"}],"wp:featuredmedia":[{"embeddable":true,"href":"https:\/\/imaginesoluciones.com\/index.php?rest_route=\/wp\/v2\/media\/61"}],"wp:attachment":[{"href":"https:\/\/imaginesoluciones.com\/index.php?rest_route=%2Fwp%2Fv2%2Fmedia&parent=60"}],"wp:term":[{"taxonomy":"product_cat","embeddable":true,"href":"https:\/\/imaginesoluciones.com\/index.php?rest_route=%2Fwp%2Fv2%2Fproduct_cat&post=60"},{"taxonomy":"product_tag","embeddable":true,"href":"https:\/\/imaginesoluciones.com\/index.php?rest_route=%2Fwp%2Fv2%2Fproduct_tag&post=60"}],"curies":[{"name":"wp","href":"https:\/\/api.w.org\/{rel}","templated":true}]}}