{"id":2,"date":"2024-02-20T11:44:08","date_gmt":"2024-02-20T11:44:08","guid":{"rendered":"http:\/\/imaginesoluciones.com\/?page_id=2"},"modified":"2025-10-07T20:43:57","modified_gmt":"2025-10-07T20:43:57","slug":"sample-page","status":"publish","type":"page","link":"https:\/\/imaginesoluciones.com\/?page_id=2","title":{"rendered":"Consulta Express"},"content":{"rendered":"\n<p><strong>Aqu\u00ed no solo adquieres un producto:<\/strong> te llevas una parte de la inspiraci\u00f3n y la esencia de su autor, con la garant\u00eda de exclusividad que distingue a nuestras creaciones.<\/p>\n\n\n\n<p>Descubre, colecciona y vive la experiencia de tener algo hecho para ti, con el valor a\u00f1adido de la autenticidad y la creatividad sin l\u00edmites. <\/p>\n\n\n\n<p>Haz una consulta sobre lo que te interese <a href=\"https:\/\/www.imaginecreativo.com\/qr\/\">pulsando aqu\u00ed<\/a><\/p>\n\n\n\n<figure class=\"wp-block-image size-full is-resized\"><img fetchpriority=\"high\" decoding=\"async\" width=\"670\" height=\"197\" src=\"https:\/\/imaginesoluciones.com\/wp-content\/uploads\/2025\/10\/logotipo_imaginecreativo_360.png\" alt=\"imaginecreativo 360SL\" class=\"wp-image-49\" style=\"width:236px;height:auto\" srcset=\"https:\/\/imaginesoluciones.com\/wp-content\/uploads\/2025\/10\/logotipo_imaginecreativo_360.png 670w, https:\/\/imaginesoluciones.com\/wp-content\/uploads\/2025\/10\/logotipo_imaginecreativo_360-300x88.png 300w, https:\/\/imaginesoluciones.com\/wp-content\/uploads\/2025\/10\/logotipo_imaginecreativo_360-600x176.png 600w\" sizes=\"(max-width: 670px) 100vw, 670px\" \/><\/figure>\n","protected":false},"excerpt":{"rendered":"<p>Aqu\u00ed no solo adquieres un producto: te llevas una parte de la inspiraci\u00f3n y la esencia de su autor, con la garant\u00eda de exclusividad que distingue a nuestras creaciones. Descubre, colecciona y vive la experiencia de tener algo hecho para ti, con el valor a\u00f1adido de la autenticidad y la creatividad sin l\u00edmites. Haz una [&hellip;]<\/p>\n","protected":false},"author":1,"featured_media":0,"parent":0,"menu_order":0,"comment_status":"closed","ping_status":"open","template":"","meta":{"footnotes":""},"class_list":["post-2","page","type-page","status-publish","hentry"],"jetpack_sharing_enabled":true,"_links":{"self":[{"href":"https:\/\/imaginesoluciones.com\/index.php?rest_route=\/wp\/v2\/pages\/2","targetHints":{"allow":["GET"]}}],"collection":[{"href":"https:\/\/imaginesoluciones.com\/index.php?rest_route=\/wp\/v2\/pages"}],"about":[{"href":"https:\/\/imaginesoluciones.com\/index.php?rest_route=\/wp\/v2\/types\/page"}],"author":[{"embeddable":true,"href":"https:\/\/imaginesoluciones.com\/index.php?rest_route=\/wp\/v2\/users\/1"}],"replies":[{"embeddable":true,"href":"https:\/\/imaginesoluciones.com\/index.php?rest_route=%2Fwp%2Fv2%2Fcomments&post=2"}],"version-history":[{"count":4,"href":"https:\/\/imaginesoluciones.com\/index.php?rest_route=\/wp\/v2\/pages\/2\/revisions"}],"predecessor-version":[{"id":76,"href":"https:\/\/imaginesoluciones.com\/index.php?rest_route=\/wp\/v2\/pages\/2\/revisions\/76"}],"wp:attachment":[{"href":"https:\/\/imaginesoluciones.com\/index.php?rest_route=%2Fwp%2Fv2%2Fmedia&parent=2"}],"curies":[{"name":"wp","href":"https:\/\/api.w.org\/{rel}","templated":true}]}}